{"id":766,"date":"2017-12-22T09:14:06","date_gmt":"2017-12-22T11:14:06","guid":{"rendered":"http:\/\/spmar.crpweb.com.br\/?page_id=766"},"modified":"2024-08-07T14:45:43","modified_gmt":"2024-08-07T17:45:43","slug":"cupom-fiscal","status":"publish","type":"page","link":"https:\/\/spmar.com.br\/staging\/pedagio\/cupom-fiscal\/","title":{"rendered":"Documento fiscal equivalente"},"content":{"rendered":"<h1><\/h1>\n<h1><\/h1>\n<h1>DOCUMENTO FISCAL EQUIVALENTE\u00a0<a href=\"https:\/\/www.cupomfiscalspmar.com.br\">clique aqui<\/a><\/h1>\n<p><strong><br \/>\nCOMO OBTER O DOCUMENTO FISCAL EM PED\u00c1GIOS DE RODOVIAS<\/strong><\/p>\n<p>A partir de 1\u00ba de janeiro de 2018, todo usu\u00e1rio de rodovias concessionadas pode emitir seu documento fiscal complementar pela internet!<\/p>\n<p>Saiba como:<\/p>\n<p>1. Ao passar por uma pra\u00e7a de ped\u00e1gio e pagar sua tarifa na cabine manual, guarde o Documento Fiscal Equivalente &#8211; DFE que comprova o pagamento;<br \/>\n2. Acesse o website da rodovia que utilizou e informe os seguintes dados: n\u00famero do DFE de pagamento do ped\u00e1gio, CPF ou CNPJ e placa do ve\u00edculo.<br \/>\n3. Usu\u00e1rios que pagarem pela cobran\u00e7a autom\u00e1tica tamb\u00e9m poder\u00e3o adotar o mesmo procedimento, digitando a placa do ve\u00edculo. Neste caso, o CPF\/CNPJ ser\u00e1 o mesmo do cadastro efetuado pelo pr\u00f3prio usu\u00e1rio, e o numero do TAG da passagem ser\u00e1 inserido automaticamente.<br \/>\n4. O sistema gerar\u00e1 o DFE Complementar, que poder\u00e1 ser impresso pelo usu\u00e1rio.<\/p>\n<p><strong><br \/>\nATEN\u00c7\u00c3O:<\/strong> o documento fiscal estar\u00e1 dispon\u00edvel online at\u00e9 SETE dias ap\u00f3s o pagamento do ped\u00e1gio em dinheiro ou por sistemas de cobran\u00e7a autom\u00e1tica.<\/p>\n<p><strong><br \/>\nO que muda em 2018?<\/strong><br \/>\nA partir de janeiro de 2018, todo usu\u00e1rio de rodovias pedagiadas pode emitir um Documento Fiscal Equivalente complementar pelos websites das concession\u00e1rias das rodovias que utilizar. Basta informar o n\u00famero que consta no documento fiscal que \u00e9 obtido normalmente nas pra\u00e7as, e inserir essas informa\u00e7\u00f5es adicionais: CPF ou CNPJ e a placa do ve\u00edculo. Usu\u00e1rios que pagarem pela cobran\u00e7a autom\u00e1tica tamb\u00e9m poder\u00e3o adotar o mesmo procedimento, digitando no website o n\u00famero do TAG do ve\u00edculo. Neste caso, o CPF\/CNPJ e placa dos ve\u00edculos ser\u00e3o inseridos automaticamente. \u00c9 mais um recurso disponibilizado pelas concession\u00e1rias para os usu\u00e1rios que preferirem essa op\u00e7\u00e3o.<\/p>\n<p><strong>Ped\u00e1gio emite Nota Fiscal?<\/strong><br \/>\nComo acontece regularmente, ao pagar o ped\u00e1gio em uma rodovia, o usu\u00e1rio recebe um Documento Fiscal Equivalente, que agora tamb\u00e9m pode ser emitido online com informa\u00e7\u00f5es adicionais como CPF\/CNPJ e placa do ve\u00edculo.<\/p>\n<p><strong>Pagamento de ped\u00e1gio passa a ser dedut\u00edvel no Imposto de Renda?<\/strong><br \/>\nNada muda em rela\u00e7\u00e3o a isso. Despesas com pagamento de ped\u00e1gio n\u00e3o s\u00e3o dedut\u00edveis no imposto de renda de pessoas f\u00edsicas. Pessoas jur\u00eddicas, em posse do Documento Fiscal obtido nas pra\u00e7as de ped\u00e1gio ou de forma online, podem registrar como despesa.<\/p>\n<p><strong>Aten\u00e7\u00e3o: evas\u00e3o de ped\u00e1gio constitui infra\u00e7\u00e3o prevista no artigo 209 do C\u00f3digo de Tr\u00e2nsito Brasileiro, sujeita a multas e outras penalidades.<\/strong><\/p>\n","protected":false},"excerpt":{"rendered":"<p>DOCUMENTO FISCAL EQUIVALENTE\u00a0clique aqui COMO OBTER O DOCUMENTO FISCAL EM PED\u00c1GIOS DE RODOVIAS A partir de 1\u00ba de janeiro de 2018, todo usu\u00e1rio de rodovias concessionadas pode emitir seu documento fiscal complementar pela internet! Saiba como: 1. Ao passar por uma pra\u00e7a de ped\u00e1gio e pagar sua tarifa na cabine manual, guarde o Documento Fiscal [&hellip;]<\/p>\n","protected":false},"author":1,"featured_media":4177,"parent":1228,"menu_order":6,"comment_status":"closed","ping_status":"closed","template":"","meta":{"_acf_changed":false,"inline_featured_image":false,"footnotes":""},"class_list":["post-766","page","type-page","status-publish","has-post-thumbnail","hentry"],"acf":[],"jetpack_sharing_enabled":true,"_links":{"self":[{"href":"https:\/\/spmar.com.br\/staging\/wp-json\/wp\/v2\/pages\/766","targetHints":{"allow":["GET"]}}],"collection":[{"href":"https:\/\/spmar.com.br\/staging\/wp-json\/wp\/v2\/pages"}],"about":[{"href":"https:\/\/spmar.com.br\/staging\/wp-json\/wp\/v2\/types\/page"}],"author":[{"embeddable":true,"href":"https:\/\/spmar.com.br\/staging\/wp-json\/wp\/v2\/users\/1"}],"replies":[{"embeddable":true,"href":"https:\/\/spmar.com.br\/staging\/wp-json\/wp\/v2\/comments?post=766"}],"version-history":[{"count":11,"href":"https:\/\/spmar.com.br\/staging\/wp-json\/wp\/v2\/pages\/766\/revisions"}],"predecessor-version":[{"id":3054,"href":"https:\/\/spmar.com.br\/staging\/wp-json\/wp\/v2\/pages\/766\/revisions\/3054"}],"up":[{"embeddable":true,"href":"https:\/\/spmar.com.br\/staging\/wp-json\/wp\/v2\/pages\/1228"}],"wp:featuredmedia":[{"embeddable":true,"href":"https:\/\/spmar.com.br\/staging\/wp-json\/wp\/v2\/media\/4177"}],"wp:attachment":[{"href":"https:\/\/spmar.com.br\/staging\/wp-json\/wp\/v2\/media?parent=766"}],"curies":[{"name":"wp","href":"https:\/\/api.w.org\/{rel}","templated":true}]}}