{"id":322,"date":"2017-08-10T00:54:37","date_gmt":"2017-08-10T03:54:37","guid":{"rendered":"http:\/\/spmar.crpweb.com.br\/?page_id=322"},"modified":"2024-08-27T14:52:26","modified_gmt":"2024-08-27T17:52:26","slug":"responsabilidade-social","status":"publish","type":"page","link":"https:\/\/spmar.com.br\/staging\/a-concessionaria\/responsabilidade-social\/","title":{"rendered":"Responsabilidade Social"},"content":{"rendered":"<h2>Responsabilidade Social<\/h2>\n<p>A Concession\u00e1ria SPMAR desenvolve durante todo o ano campanhas e a\u00e7\u00f5es internas e na rodovia.<br \/>\nConfira algumas delas:<\/p>\n<p>&nbsp;<\/p>\n","protected":false},"excerpt":{"rendered":"<p>Responsabilidade Social A Concession\u00e1ria SPMAR desenvolve durante todo o ano campanhas e a\u00e7\u00f5es internas e na rodovia. Confira algumas delas: &nbsp;<\/p>\n","protected":false},"author":1,"featured_media":355,"parent":22,"menu_order":4,"comment_status":"closed","ping_status":"closed","template":"","meta":{"_acf_changed":false,"inline_featured_image":false,"footnotes":""},"class_list":["post-322","page","type-page","status-publish","has-post-thumbnail","hentry"],"acf":[],"jetpack_sharing_enabled":true,"_links":{"self":[{"href":"https:\/\/spmar.com.br\/staging\/wp-json\/wp\/v2\/pages\/322","targetHints":{"allow":["GET"]}}],"collection":[{"href":"https:\/\/spmar.com.br\/staging\/wp-json\/wp\/v2\/pages"}],"about":[{"href":"https:\/\/spmar.com.br\/staging\/wp-json\/wp\/v2\/types\/page"}],"author":[{"embeddable":true,"href":"https:\/\/spmar.com.br\/staging\/wp-json\/wp\/v2\/users\/1"}],"replies":[{"embeddable":true,"href":"https:\/\/spmar.com.br\/staging\/wp-json\/wp\/v2\/comments?post=322"}],"version-history":[{"count":15,"href":"https:\/\/spmar.com.br\/staging\/wp-json\/wp\/v2\/pages\/322\/revisions"}],"predecessor-version":[{"id":459,"href":"https:\/\/spmar.com.br\/staging\/wp-json\/wp\/v2\/pages\/322\/revisions\/459"}],"up":[{"embeddable":true,"href":"https:\/\/spmar.com.br\/staging\/wp-json\/wp\/v2\/pages\/22"}],"wp:featuredmedia":[{"embeddable":true,"href":"https:\/\/spmar.com.br\/staging\/wp-json\/wp\/v2\/media\/355"}],"wp:attachment":[{"href":"https:\/\/spmar.com.br\/staging\/wp-json\/wp\/v2\/media?parent=322"}],"curies":[{"name":"wp","href":"https:\/\/api.w.org\/{rel}","templated":true}]}}