{"id":3154,"date":"2023-07-07T17:45:38","date_gmt":"2023-07-07T20:45:38","guid":{"rendered":"https:\/\/spmar.com.br\/staging\/?page_id=3154"},"modified":"2023-07-07T17:45:38","modified_gmt":"2023-07-07T20:45:38","slug":"carta-de-servicos-ao-usuario","status":"publish","type":"page","link":"https:\/\/spmar.com.br\/staging\/ouvidoria\/carta-de-servicos-ao-usuario\/","title":{"rendered":"Carta de Servi\u00e7os ao Usu\u00e1rio"},"content":{"rendered":"\n<p>Com base na Lei n. \u00ba 13.460\/2017, a Concession\u00e1ria SPMAR divulga sua Carta de Servi\u00e7os ao Usu\u00e1rio com o objetivo de informar os usu\u00e1rios sobre os servi\u00e7os prestados pela concession\u00e1ria, as formas de acesso a esses servi\u00e7os e seus compromissos e padr\u00f5es de qualidade de atendimento ao p\u00fablico.<\/p>\n\n\n\n<p>Para acessar a carta de servi\u00e7os,\u00a0<a href=\"https:\/\/spmar.com.br\/staging\/wp-content\/uploads\/2023\/07\/carta_servicos_usuarios.pdf\">clique aqui<\/a>.<\/p>\n","protected":false},"excerpt":{"rendered":"<p>Com base na Lei n. \u00ba 13.460\/2017, a Concession\u00e1ria SPMAR divulga sua Carta de Servi\u00e7os ao Usu\u00e1rio com o objetivo de informar os usu\u00e1rios sobre os servi\u00e7os prestados pela concession\u00e1ria, as formas de acesso a esses servi\u00e7os e seus compromissos e padr\u00f5es de qualidade de atendimento ao p\u00fablico. Para acessar a carta de servi\u00e7os,\u00a0clique aqui.<\/p>\n","protected":false},"author":1,"featured_media":0,"parent":1235,"menu_order":4,"comment_status":"closed","ping_status":"closed","template":"page-ouvidoria.php","meta":{"_acf_changed":false,"inline_featured_image":false,"footnotes":""},"class_list":["post-3154","page","type-page","status-publish","hentry"],"acf":[],"jetpack_sharing_enabled":true,"_links":{"self":[{"href":"https:\/\/spmar.com.br\/staging\/wp-json\/wp\/v2\/pages\/3154","targetHints":{"allow":["GET"]}}],"collection":[{"href":"https:\/\/spmar.com.br\/staging\/wp-json\/wp\/v2\/pages"}],"about":[{"href":"https:\/\/spmar.com.br\/staging\/wp-json\/wp\/v2\/types\/page"}],"author":[{"embeddable":true,"href":"https:\/\/spmar.com.br\/staging\/wp-json\/wp\/v2\/users\/1"}],"replies":[{"embeddable":true,"href":"https:\/\/spmar.com.br\/staging\/wp-json\/wp\/v2\/comments?post=3154"}],"version-history":[{"count":1,"href":"https:\/\/spmar.com.br\/staging\/wp-json\/wp\/v2\/pages\/3154\/revisions"}],"predecessor-version":[{"id":3155,"href":"https:\/\/spmar.com.br\/staging\/wp-json\/wp\/v2\/pages\/3154\/revisions\/3155"}],"up":[{"embeddable":true,"href":"https:\/\/spmar.com.br\/staging\/wp-json\/wp\/v2\/pages\/1235"}],"wp:attachment":[{"href":"https:\/\/spmar.com.br\/staging\/wp-json\/wp\/v2\/media?parent=3154"}],"curies":[{"name":"wp","href":"https:\/\/api.w.org\/{rel}","templated":true}]}}