{"id":26,"date":"2017-08-05T23:29:38","date_gmt":"2017-08-06T02:29:38","guid":{"rendered":"http:\/\/localhost\/?page_id=26"},"modified":"2024-08-27T14:52:26","modified_gmt":"2024-08-27T17:52:26","slug":"politica-spmar","status":"publish","type":"page","link":"https:\/\/spmar.com.br\/staging\/a-concessionaria\/politica-spmar\/","title":{"rendered":"Pol\u00edtica SPMAR"},"content":{"rendered":"<h2>Pol\u00edtica de Sistema de Gest\u00e3o<\/h2>\n<p>\u00a0<\/p>\n<p>A CONCESSION\u00c1RIA SPMAR \u00e9 uma empresa voltada para a administra\u00e7\u00e3o do complexo rodovi\u00e1rio dos Trechos Sul e Leste do Rodoanel M\u00e1rio Covas que busca constantemente a excel\u00eancia de seus processos por meio do Sistema de Gest\u00e3o da SPMAR, tendo como compromissos:<\/p>\n<p>\u00a0<\/p>\n<p><strong>Satisfa\u00e7\u00e3o dos Usu\u00e1rios:<\/strong> Oferecer servi\u00e7os com seguran\u00e7a e conforto.<\/p>\n<p><strong>Satisfa\u00e7\u00e3o do Poder Concedente:<\/strong> ARTESP: Atender \u00e0s expectativas atrav\u00e9s do cumprimento dos objetivos e obriga\u00e7\u00f5es pr\u00e9-estabelecidos no contrato de concess\u00e3o.<\/p>\n<p><strong>Rentabilidade dos Acionistas:<\/strong> Gerenciar a Concession\u00e1ria com resultados que satisfa\u00e7am os anseios de nossos acionistas.<\/p>\n<p><strong>Coopera\u00e7\u00e3o e a Uni\u00e3o:<\/strong> Valorizar ideias, desenvolver l\u00edderes e buscar um ambiente de trabalho que contribua para o comprometimento entre os colaboradores.<\/p>\n<p><strong>Melhoria Cont\u00ednua:<\/strong> Aperfei\u00e7oar m\u00e9todos e obter melhorias nos processos do Sistema de Gest\u00e3o de Qualidade, Sa\u00fade e Seguran\u00e7a e Meio Ambiente.<\/p>\n<p><strong><br \/>Atendimento aos Requisitos de Sa\u00fade e Seguran\u00e7a:<\/strong> prover condi\u00e7\u00f5es de trabalho seguras e saud\u00e1veis para a preven\u00e7\u00e3o de les\u00f5es e doen\u00e7as relacionadas ao trabalho; eliminar perigos e reduzir riscos de SST; promover a consulta e participa\u00e7\u00e3o dos trabalhadores e representantes.<\/p>\n<p><strong><br \/>Atendimento aos Requisitos de Meio Ambiente:<\/strong> Proteger o meio ambiente, prevenir e minimizar a polui\u00e7\u00e3o e impactos ambientais.<\/p>\n<p><strong><br \/>Atendimento de Requisitos Legais:<\/strong> Agir em conformidade com a legisla\u00e7\u00e3o e as normas vigentes aplic\u00e1veis de Sa\u00fade e Seguran\u00e7a e Meio Ambiente, atender \u00e0s condi\u00e7\u00f5es contratuais e tamb\u00e9m \u00e0quelas subscritas \u00e0s atividades.<\/p>\n<p>\u00a0<\/p>\n\n<div class=\"wp-block-image\">\n<figure class=\"aligncenter size-full\"><img fetchpriority=\"high\" decoding=\"async\" width=\"434\" height=\"406\" src=\"https:\/\/spmar.com.br\/staging\/wp-content\/uploads\/2023\/07\/Selo-ISO_mini.jpg\" alt=\"\" class=\"wp-image-3178\" srcset=\"https:\/\/spmar.com.br\/staging\/wp-content\/uploads\/2023\/07\/Selo-ISO_mini.jpg 434w, https:\/\/spmar.com.br\/staging\/wp-content\/uploads\/2023\/07\/Selo-ISO_mini-300x281.jpg 300w, https:\/\/spmar.com.br\/staging\/wp-content\/uploads\/2023\/07\/Selo-ISO_mini-211x197.jpg 211w\" sizes=\"(max-width: 434px) 100vw, 434px\" \/><\/figure>\n<\/div>","protected":false},"excerpt":{"rendered":"<p>Pol\u00edtica de Sistema de Gest\u00e3o \u00a0 A CONCESSION\u00c1RIA SPMAR \u00e9 uma empresa voltada para a administra\u00e7\u00e3o do complexo rodovi\u00e1rio dos Trechos Sul e Leste do Rodoanel M\u00e1rio Covas que busca constantemente a excel\u00eancia de seus processos por meio do Sistema de Gest\u00e3o da SPMAR, tendo como compromissos: \u00a0 Satisfa\u00e7\u00e3o dos Usu\u00e1rios: Oferecer servi\u00e7os com seguran\u00e7a [&hellip;]<\/p>\n","protected":false},"author":1,"featured_media":4170,"parent":22,"menu_order":3,"comment_status":"closed","ping_status":"closed","template":"","meta":{"_acf_changed":false,"inline_featured_image":false,"footnotes":""},"class_list":["post-26","page","type-page","status-publish","has-post-thumbnail","hentry"],"acf":[],"jetpack_sharing_enabled":true,"_links":{"self":[{"href":"https:\/\/spmar.com.br\/staging\/wp-json\/wp\/v2\/pages\/26","targetHints":{"allow":["GET"]}}],"collection":[{"href":"https:\/\/spmar.com.br\/staging\/wp-json\/wp\/v2\/pages"}],"about":[{"href":"https:\/\/spmar.com.br\/staging\/wp-json\/wp\/v2\/types\/page"}],"author":[{"embeddable":true,"href":"https:\/\/spmar.com.br\/staging\/wp-json\/wp\/v2\/users\/1"}],"replies":[{"embeddable":true,"href":"https:\/\/spmar.com.br\/staging\/wp-json\/wp\/v2\/comments?post=26"}],"version-history":[{"count":15,"href":"https:\/\/spmar.com.br\/staging\/wp-json\/wp\/v2\/pages\/26\/revisions"}],"predecessor-version":[{"id":3360,"href":"https:\/\/spmar.com.br\/staging\/wp-json\/wp\/v2\/pages\/26\/revisions\/3360"}],"up":[{"embeddable":true,"href":"https:\/\/spmar.com.br\/staging\/wp-json\/wp\/v2\/pages\/22"}],"wp:featuredmedia":[{"embeddable":true,"href":"https:\/\/spmar.com.br\/staging\/wp-json\/wp\/v2\/media\/4170"}],"wp:attachment":[{"href":"https:\/\/spmar.com.br\/staging\/wp-json\/wp\/v2\/media?parent=26"}],"curies":[{"name":"wp","href":"https:\/\/api.w.org\/{rel}","templated":true}]}}