{"id":2412,"date":"2021-02-18T14:41:29","date_gmt":"2021-02-18T17:41:29","guid":{"rendered":"https:\/\/spmar.com.br\/staging\/cookie-policy\/"},"modified":"2023-08-28T10:43:23","modified_gmt":"2023-08-28T13:43:23","slug":"cookie-policy","status":"publish","type":"page","link":"https:\/\/spmar.com.br\/staging\/home\/cookie-policy\/","title":{"rendered":"Pol\u00edtica de Cookies"},"content":{"rendered":"<p>Nosso site usa cookies para melhorar o desempenho e aprimorar a sua experi\u00eancia de navega\u00e7\u00e3o. Ao continuar a usar este website, voc\u00ea toma conhecimento de que n\u00f3s poderemos instalar cookies ou outras tecnologias similares em seu equipamento, inclusive dispositivo m\u00f3vel.<\/p>\n<ul>\n<li><strong>O que s\u00e3o cookies<\/strong><\/li>\n<\/ul>\n<p>Cookies s\u00e3o pequenos arquivos, contendo algumas poucas informa\u00e7\u00f5es sobre seu acesso, e que s\u00e3o baixados para seu dispositivo quando voc\u00ea visita um site. Estes arquivos permitem ao site reconhecer o seu equipamento e registrar sua intera\u00e7\u00e3o nas p\u00e1ginas do pr\u00f3prio site. O termo &#8220;cookie&#8221; pode ser usado para descrever uma s\u00e9rie de tecnologias, incluindo, mas n\u00e3o se limitando a pixel tags, web beacons e identificadores de dispositivo m\u00f3vel.<\/p>\n<ul>\n<li><strong>Por que usamos cookies<\/strong><\/li>\n<\/ul>\n<p>Os cookies exercem muitas tarefas diferentes, como otimizar sua navega\u00e7\u00e3o pelas p\u00e1ginas, lembrar suas prefer\u00eancias, e personalizar sua experi\u00eancia durante a navega\u00e7\u00e3o. Eles ainda ajudam a garantir que os an\u00fancios e outros conte\u00fados que voc\u00ea acessar online s\u00e3o relevantes para voc\u00ea. Al\u00e9m disso, s\u00e3o utilizados para coletar dados estat\u00edsticos.<\/p>\n<ul>\n<li><strong>Como os Cookies s\u00e3o utilizados pela SPMAR<\/strong><\/li>\n<\/ul>\n<p>A SPMAR utiliza o seguinte tipo de Cookies:<\/p>\n<p><strong>Cookies Essenciais<\/strong><\/p>\n<p>Os cookies essenciais s\u00e3o necess\u00e1rios para o funcionamento dos Sites e presta\u00e7\u00e3o dos servi\u00e7os a voc\u00ea. Sem estes cookies, os Sites n\u00e3o funcionar\u00e3o t\u00e3o bem como n\u00f3s gostar\u00edamos e podemos n\u00e3o ser capazes de fornecer determinados servi\u00e7os ou recursos a eles associados.<\/p>\n<ul>\n<li><strong>Voc\u00eas usam cookies de terceiros?<\/strong><\/li>\n<\/ul>\n<p>Alguns cookies que usamos s\u00e3o de outras empresas, como Google Analytics, para nos prover intelig\u00eancia anal\u00edtica sobre nossos sites. Estas companhias usam c\u00f3digos de programa\u00e7\u00e3o para coletar informa\u00e7\u00f5es sobre sua intera\u00e7\u00e3o com nossos sites, como as p\u00e1ginas que voc\u00ea visita, os links nos quais voc\u00ea clica e por quanto tempo voc\u00ea permanece conectado em nossos sites. Este c\u00f3digo fica ativo somente enquanto voc\u00ea estiver no site da SPMAR<\/p>\n<ul>\n<li><strong>Que outras tecnologias de rastreamento utilizamos?<\/strong><\/li>\n<\/ul>\n<p>Podemos tamb\u00e9m usar web beacons (inclusive pixels de convers\u00e3o) ou outras tecnologias para fins semelhantes e podemos inclu\u00ed-los em nossos sites, em mensagens de e-mail de marketing ou em nossos boletins informativos e websites de afiliadas, para determinar se as mensagens foram abertas e se os links foram clicados. Os web beacons n\u00e3o instalam informa\u00e7\u00f5es em seu dispositivo, mas podem trabalhar em conjunto com os cookies para monitorar a atividade do site. Pixels de convers\u00e3o s\u00e3o pequenos c\u00f3digos localizados numa p\u00e1gina web em particular que s\u00e3o alterados quando algu\u00e9m visita a p\u00e1gina, resultando num aumento da contagem de convers\u00e3o.<\/p>\n<ul>\n<li><strong>E se eu n\u00e3o quiser os cookies<\/strong><\/li>\n<\/ul>\n<p>Ao utilizar nosso site, voc\u00ea concorda que n\u00f3s podemos instalar cookies em seu dispositivo, conforme explicado abaixo. No seu primeiro acesso, surgir\u00e1 uma \u201cbarra de cookies\u201d onde voc\u00ea pode consentir com os cookies essenciais para a navega\u00e7\u00e3o. Caso voc\u00ea queira remover os cookies existentes em seu dispositivo, voc\u00ea conseguir\u00e1 faz\u00ea-lo usando as op\u00e7\u00f5es do navegador. Caso voc\u00ea queira bloquear cookies futuros em seu dispositivo, voc\u00ea poder\u00e1 alterar a configura\u00e7\u00e3o do navegador para faz\u00ea-lo.<\/p>\n<p>Por favor, tenha em mente que a exclus\u00e3o e o bloqueio de cookies ter\u00e3o impacto em sua experi\u00eancia de usu\u00e1rio, pois partes do site podem n\u00e3o funcionar corretamente. A menos que voc\u00ea tenha ajustado a configura\u00e7\u00e3o do navegador para bloquear os cookies, nosso sistema emitir\u00e1 cookies quando voc\u00ea visitar nosso site ou clicar em um link de um e-mail que enviarmos a voc\u00ea, mesmo se voc\u00ea j\u00e1 tiver exclu\u00eddo nossos cookies.<\/p>\n<p>Caso tenha alguma pergunta acerca desta Pol\u00edtica de Cookies, por favor, contate-nos por meio do e-mail: <a href=\"mailto:lgpd@spmar.com.br\">lgpd@spmar.com.br<\/a><\/p>\n<p>Cookies que utilizamos em nosso site:<\/p>\n<table width=\"650\">\n<tbody>\n<tr>\n<td colspan=\"5\" width=\"650\"><strong>Cookies Essenciais (Necess\u00e1rios)<\/strong><\/td>\n<\/tr>\n<tr>\n<td width=\"123\"><strong>Nome<\/strong><\/td>\n<td width=\"123\"><strong>Provedor<\/strong><\/td>\n<td width=\"270\"><strong>Fun\u00e7\u00e3o<\/strong><\/td>\n<td width=\"68\"><strong>Prazo<\/strong><\/td>\n<td width=\"66\"><strong>Tipo<\/strong><\/td>\n<\/tr>\n<tr>\n<td width=\"123\">CONSENT<\/td>\n<td width=\"123\">Google.com<\/td>\n<td width=\"270\">Usado para detectar se o visitante aceitou a categoria de marketing no banner do cookie.<\/td>\n<td width=\"68\">2 anos<\/td>\n<td width=\"66\">HTTP<\/td>\n<\/tr>\n<tr>\n<td width=\"123\">CONSENT<\/td>\n<td width=\"123\">Youtube.com<\/td>\n<td width=\"270\">Usado para detectar se o visitante aceitou a categoria de marketing no banner do cookie.<\/td>\n<td width=\"68\">2 anos<\/td>\n<td width=\"66\">HTTP<\/td>\n<\/tr>\n<\/tbody>\n<\/table>\n<table width=\"650\">\n<tbody>\n<tr>\n<td colspan=\"5\" width=\"650\"><strong>Cookies de Marketing<\/strong><\/td>\n<\/tr>\n<tr>\n<td width=\"119\"><strong>Nome<\/strong><\/td>\n<td width=\"126\"><strong>Provedor<\/strong><\/td>\n<td width=\"270\"><strong>Fun\u00e7\u00e3o<\/strong><\/td>\n<td width=\"63\"><strong>Prazo<\/strong><\/td>\n<td width=\"71\"><strong>Tipo<\/strong><\/td>\n<\/tr>\n<tr>\n<td width=\"119\">VISITOR_INFO1_LIVE<\/td>\n<td width=\"126\">Youtube.com<\/td>\n<td width=\"270\">Tenta estimar a ajuda da banda dos usu\u00e1rios nas p\u00e1ginas com v\u00eddeos integrados do Youtube<\/td>\n<td width=\"63\">179 dias<\/td>\n<td width=\"71\">HTTP<\/td>\n<\/tr>\n<tr>\n<td width=\"119\">YSC<\/td>\n<td width=\"126\">Youtube.com<\/td>\n<td width=\"270\">Registra um ID \u00fanico para manter estat\u00edsticas de quais v\u00eddeos do Youtube o usu\u00e1rio viu.<\/td>\n<td width=\"63\">Sess\u00e3o<\/td>\n<td width=\"71\">HTML<\/td>\n<\/tr>\n<tr>\n<td width=\"119\">ytidb::LAST_RESULT_ENTRY_KEY<\/td>\n<td width=\"126\">Youtube.com<\/td>\n<td width=\"270\">Armazena as prefer\u00eancias do player de v\u00eddeo do usu\u00e1rio usando o v\u00eddeo do Youtube incorporado.<\/td>\n<td width=\"63\">Sess\u00e3o<\/td>\n<td width=\"71\">HTML<\/td>\n<\/tr>\n<tr>\n<td width=\"119\">yt-remote-cast-available<\/td>\n<td width=\"126\">Youtube.com<\/td>\n<td width=\"270\">Armazena as prefer\u00eancias do player de v\u00eddeo do usu\u00e1rio usando o v\u00eddeo do Youtube incorporado.<\/td>\n<td width=\"63\">Sess\u00e3o<\/td>\n<td width=\"71\">HTML<\/td>\n<\/tr>\n<tr>\n<td width=\"119\">yt-remote-cast-installed<\/td>\n<td width=\"126\">Youtube.com<\/td>\n<td width=\"270\">Armazena as prefer\u00eancias do reprodutor de v\u00eddeo do utilizador usando o v\u00eddeo incorporado do YouTube.<\/td>\n<td width=\"63\">Sess\u00e3o<\/td>\n<td width=\"71\">HTML<\/td>\n<\/tr>\n<tr>\n<td width=\"119\">yt-remote-connected-devices<\/td>\n<td width=\"126\">Youtube.com<\/td>\n<td width=\"270\">Armazena as prefer\u00eancias do reprodutor de v\u00eddeo do utilizador usando o v\u00eddeo incorporado do YouTube.<\/td>\n<td width=\"63\">Sess\u00e3o<\/td>\n<td width=\"71\">HTML<\/td>\n<\/tr>\n<tr>\n<td width=\"119\">yt-remote-device-id<\/td>\n<td width=\"126\">Youtube.com<\/td>\n<td width=\"270\">Armazena as prefer\u00eancias do reprodutor de v\u00eddeo do utilizador usando o v\u00eddeo incorporado do YouTube.<\/td>\n<td width=\"63\">Sess\u00e3o<\/td>\n<td width=\"71\">HTML<\/td>\n<\/tr>\n<tr>\n<td width=\"119\">yt-remote-fast-check-period<\/td>\n<td width=\"126\">Youtube.com<\/td>\n<td width=\"270\">Armazena as prefer\u00eancias do reprodutor de v\u00eddeo do utilizador usando o v\u00eddeo incorporado do YouTube.<\/td>\n<td width=\"63\">Sess\u00e3o<\/td>\n<td width=\"71\">HTML<\/td>\n<\/tr>\n<tr>\n<td width=\"119\">yt-remote-session-app<\/td>\n<td width=\"126\">Youtube.com<\/td>\n<td width=\"270\">Armazena as prefer\u00eancias do reprodutor de v\u00eddeo do utilizador usando o v\u00eddeo incorporado do YouTube.<\/td>\n<td width=\"63\">Sess\u00e3o<\/td>\n<td width=\"71\">HTML<\/td>\n<\/tr>\n<tr>\n<td width=\"119\">yt-remote-session-name<\/td>\n<td width=\"126\">Youtube.com<\/td>\n<td width=\"270\">Armazena as prefer\u00eancias do reprodutor de v\u00eddeo do utilizador usando o v\u00eddeo incorporado do YouTube.<\/td>\n<td width=\"63\">Sess\u00e3o<\/td>\n<td width=\"71\">HTML<\/td>\n<\/tr>\n<tr>\n<td width=\"119\">yt-remote-session-name<\/td>\n<td width=\"126\">youtube.com<\/td>\n<td width=\"270\">Armazena as prefer\u00eancias do player de v\u00eddeo do usu\u00e1rio usando v\u00eddeo incorporado do YouTube.<\/td>\n<td width=\"63\">Sess\u00e3o<\/td>\n<td width=\"71\">HTML<\/td>\n<\/tr>\n<\/tbody>\n<\/table>\n<hr \/>\n<p style=\"text-align: right;\">Rev.04 &#8211; Ago\/2023<\/p>\n","protected":false},"excerpt":{"rendered":"<p>Nosso site usa cookies para melhorar o desempenho e aprimorar a sua experi\u00eancia de navega\u00e7\u00e3o. Ao continuar a usar este website, voc\u00ea toma conhecimento de que n\u00f3s poderemos instalar cookies ou outras tecnologias similares em seu equipamento, inclusive dispositivo m\u00f3vel. O que s\u00e3o cookies Cookies s\u00e3o pequenos arquivos, contendo algumas poucas informa\u00e7\u00f5es sobre seu acesso, [&hellip;]<\/p>\n","protected":false},"author":1,"featured_media":0,"parent":9,"menu_order":0,"comment_status":"closed","ping_status":"closed","template":"page-spmar.php","meta":{"_acf_changed":false,"inline_featured_image":false,"footnotes":""},"class_list":["post-2412","page","type-page","status-publish","hentry"],"acf":[],"jetpack_sharing_enabled":true,"_links":{"self":[{"href":"https:\/\/spmar.com.br\/staging\/wp-json\/wp\/v2\/pages\/2412","targetHints":{"allow":["GET"]}}],"collection":[{"href":"https:\/\/spmar.com.br\/staging\/wp-json\/wp\/v2\/pages"}],"about":[{"href":"https:\/\/spmar.com.br\/staging\/wp-json\/wp\/v2\/types\/page"}],"author":[{"embeddable":true,"href":"https:\/\/spmar.com.br\/staging\/wp-json\/wp\/v2\/users\/1"}],"replies":[{"embeddable":true,"href":"https:\/\/spmar.com.br\/staging\/wp-json\/wp\/v2\/comments?post=2412"}],"version-history":[{"count":6,"href":"https:\/\/spmar.com.br\/staging\/wp-json\/wp\/v2\/pages\/2412\/revisions"}],"predecessor-version":[{"id":3209,"href":"https:\/\/spmar.com.br\/staging\/wp-json\/wp\/v2\/pages\/2412\/revisions\/3209"}],"up":[{"embeddable":true,"href":"https:\/\/spmar.com.br\/staging\/wp-json\/wp\/v2\/pages\/9"}],"wp:attachment":[{"href":"https:\/\/spmar.com.br\/staging\/wp-json\/wp\/v2\/media?parent=2412"}],"curies":[{"name":"wp","href":"https:\/\/api.w.org\/{rel}","templated":true}]}}