{"id":18,"date":"2017-08-05T23:25:01","date_gmt":"2017-08-06T02:25:01","guid":{"rendered":"http:\/\/localhost\/?page_id=18"},"modified":"2024-08-07T14:18:22","modified_gmt":"2024-08-07T17:18:22","slug":"servicos","status":"publish","type":"page","link":"https:\/\/spmar.com.br\/staging\/servicos\/","title":{"rendered":"ATENDIMENTO AO USU\u00c1RIO"},"content":{"rendered":"<p>&nbsp;<\/p>\n<h3><a href=\"https:\/\/spmar.com.br\/staging\/servicos\/centro-de-controle-operacional\/\">CCO &#8211; Centro de Controle Operacional<\/a><\/h3>\n<p>&nbsp;<\/p>\n<h3><a href=\"https:\/\/spmar.com.br\/staging\/servicos\/combate-a-incendios\/\">Combate a Inc\u00eandios<\/a><\/h3>\n<p>&nbsp;<\/p>\n<h3><a href=\"https:\/\/spmar.com.br\/staging\/servicos\/118-2\/\">Guinchos<\/a><\/h3>\n<p>&nbsp;<\/p>\n<h3><a href=\"https:\/\/spmar.com.br\/staging\/servicos\/inspecao-de-trafego\/\">Inspe\u00e7\u00e3o de Tr\u00e1fego<\/a><\/h3>\n<p>&nbsp;<\/p>\n<h3><a href=\"https:\/\/spmar.com.br\/staging\/servicos\/resgate-animal\/\">Resgate Animal<\/a><\/h3>\n<p>&nbsp;<\/p>\n<h3><a href=\"https:\/\/spmar.com.br\/staging\/servicos\/171-2\/\">Servi\u00e7o de Atendimento ao Usu\u00e1rio<\/a><\/h3>\n<p>&nbsp;<\/p>\n<h3><a href=\"https:\/\/spmar.com.br\/staging\/servicos\/socorro-medico\/\">Socorro M\u00e9dico<\/a><\/h3>\n<p>&nbsp;<\/p>\n<p>&nbsp;<\/p>\n","protected":false},"excerpt":{"rendered":"<p>&nbsp; CCO &#8211; Centro de Controle Operacional &nbsp; Combate a Inc\u00eandios &nbsp; Guinchos &nbsp; Inspe\u00e7\u00e3o de Tr\u00e1fego &nbsp; Resgate Animal &nbsp; Servi\u00e7o de Atendimento ao Usu\u00e1rio &nbsp; Socorro M\u00e9dico &nbsp; &nbsp;<\/p>\n","protected":false},"author":1,"featured_media":4174,"parent":0,"menu_order":3,"comment_status":"closed","ping_status":"closed","template":"","meta":{"_acf_changed":false,"inline_featured_image":false,"footnotes":""},"class_list":["post-18","page","type-page","status-publish","has-post-thumbnail","hentry"],"acf":[],"jetpack_sharing_enabled":true,"_links":{"self":[{"href":"https:\/\/spmar.com.br\/staging\/wp-json\/wp\/v2\/pages\/18","targetHints":{"allow":["GET"]}}],"collection":[{"href":"https:\/\/spmar.com.br\/staging\/wp-json\/wp\/v2\/pages"}],"about":[{"href":"https:\/\/spmar.com.br\/staging\/wp-json\/wp\/v2\/types\/page"}],"author":[{"embeddable":true,"href":"https:\/\/spmar.com.br\/staging\/wp-json\/wp\/v2\/users\/1"}],"replies":[{"embeddable":true,"href":"https:\/\/spmar.com.br\/staging\/wp-json\/wp\/v2\/comments?post=18"}],"version-history":[{"count":5,"href":"https:\/\/spmar.com.br\/staging\/wp-json\/wp\/v2\/pages\/18\/revisions"}],"predecessor-version":[{"id":1239,"href":"https:\/\/spmar.com.br\/staging\/wp-json\/wp\/v2\/pages\/18\/revisions\/1239"}],"wp:featuredmedia":[{"embeddable":true,"href":"https:\/\/spmar.com.br\/staging\/wp-json\/wp\/v2\/media\/4174"}],"wp:attachment":[{"href":"https:\/\/spmar.com.br\/staging\/wp-json\/wp\/v2\/media?parent=18"}],"curies":[{"name":"wp","href":"https:\/\/api.w.org\/{rel}","templated":true}]}}