{"id":143,"date":"2017-08-08T10:18:45","date_gmt":"2017-08-08T13:18:45","guid":{"rendered":"http:\/\/spmar.crpweb.com.br\/?page_id=143"},"modified":"2024-08-27T16:03:27","modified_gmt":"2024-08-27T19:03:27","slug":"inspecao-de-trafego","status":"publish","type":"page","link":"https:\/\/spmar.com.br\/staging\/servicos\/inspecao-de-trafego\/","title":{"rendered":"Inspe\u00e7\u00e3o de tr\u00e1fego"},"content":{"rendered":"<h2>Inspe\u00e7\u00e3o de Tr\u00e1fego<\/h2>\n<p>&nbsp;<\/p>\n<p>Com o objetivo de manter as melhores condi\u00e7\u00f5es de tr\u00e1fego aos usu\u00e1rios dos Trechos Sul e Leste do Rodoanel, a Concession\u00e1ria SPMAR possui uma equipe de Inspe\u00e7\u00e3o de tr\u00e1fego treinada para detectar e solucionar qualquer tipo de anormalidade nas pistas. A equipe conta com 11 viaturas, que circulam 24 por dia, e est\u00e1 em contato direto com o Centro de Controle Operacional.<\/p>\n<p>&nbsp;<\/p>\n<p>A equipe de inspe\u00e7\u00e3o \u00e9 treinada para resolver panes mec\u00e2nicas simples, como: recarga de bateria ou falta de \u00e1gua no sistema de resfriamento do ve\u00edculo, para que o motorista n\u00e3o precise interromper sua viagem por pequenos imprevistos.<\/p>\n<p>&nbsp;<\/p>\n<p>Para acionar o servi\u00e7o, basta ligar para 0800 774 88 77 ou utilizar um dos telefones de emerg\u00eancia localizados ao longo da rodovia.<\/p>\n<p>&nbsp;<\/p>\n<p>Vale ressaltar que a concession\u00e1ria n\u00e3o \u00e9 respons\u00e1vel, por reparos em ve\u00edculos, troca de pe\u00e7as ou diagn\u00f3stico de problemas.<\/p>\n<p>&nbsp;<\/p>\n<p>&nbsp;<\/p>\n<p><img fetchpriority=\"high\" decoding=\"async\" class=\"size-large wp-image-2453\" src=\"https:\/\/spmar.com.br\/staging\/wp-content\/uploads\/2021\/04\/DJI_0625-1024x576.jpg\" alt=\"\" width=\"1024\" height=\"576\" srcset=\"https:\/\/spmar.com.br\/staging\/wp-content\/uploads\/2021\/04\/DJI_0625-1024x576.jpg 1024w, https:\/\/spmar.com.br\/staging\/wp-content\/uploads\/2021\/04\/DJI_0625-300x169.jpg 300w, https:\/\/spmar.com.br\/staging\/wp-content\/uploads\/2021\/04\/DJI_0625-768x432.jpg 768w, https:\/\/spmar.com.br\/staging\/wp-content\/uploads\/2021\/04\/DJI_0625-211x119.jpg 211w\" sizes=\"(max-width: 1024px) 100vw, 1024px\" \/><\/p>\n<p>&nbsp;<\/p>\n<p>&nbsp;<\/p>\n","protected":false},"excerpt":{"rendered":"<p>Inspe\u00e7\u00e3o de Tr\u00e1fego &nbsp; Com o objetivo de manter as melhores condi\u00e7\u00f5es de tr\u00e1fego aos usu\u00e1rios dos Trechos Sul e Leste do Rodoanel, a Concession\u00e1ria SPMAR possui uma equipe de Inspe\u00e7\u00e3o de tr\u00e1fego treinada para detectar e solucionar qualquer tipo de anormalidade nas pistas. A equipe conta com 11 viaturas, que circulam 24 por dia, [&hellip;]<\/p>\n","protected":false},"author":1,"featured_media":4651,"parent":18,"menu_order":6,"comment_status":"closed","ping_status":"closed","template":"","meta":{"_acf_changed":false,"inline_featured_image":false,"footnotes":""},"class_list":["post-143","page","type-page","status-publish","has-post-thumbnail","hentry"],"acf":[],"jetpack_sharing_enabled":true,"_links":{"self":[{"href":"https:\/\/spmar.com.br\/staging\/wp-json\/wp\/v2\/pages\/143","targetHints":{"allow":["GET"]}}],"collection":[{"href":"https:\/\/spmar.com.br\/staging\/wp-json\/wp\/v2\/pages"}],"about":[{"href":"https:\/\/spmar.com.br\/staging\/wp-json\/wp\/v2\/types\/page"}],"author":[{"embeddable":true,"href":"https:\/\/spmar.com.br\/staging\/wp-json\/wp\/v2\/users\/1"}],"replies":[{"embeddable":true,"href":"https:\/\/spmar.com.br\/staging\/wp-json\/wp\/v2\/comments?post=143"}],"version-history":[{"count":15,"href":"https:\/\/spmar.com.br\/staging\/wp-json\/wp\/v2\/pages\/143\/revisions"}],"predecessor-version":[{"id":2455,"href":"https:\/\/spmar.com.br\/staging\/wp-json\/wp\/v2\/pages\/143\/revisions\/2455"}],"up":[{"embeddable":true,"href":"https:\/\/spmar.com.br\/staging\/wp-json\/wp\/v2\/pages\/18"}],"wp:featuredmedia":[{"embeddable":true,"href":"https:\/\/spmar.com.br\/staging\/wp-json\/wp\/v2\/media\/4651"}],"wp:attachment":[{"href":"https:\/\/spmar.com.br\/staging\/wp-json\/wp\/v2\/media?parent=143"}],"curies":[{"name":"wp","href":"https:\/\/api.w.org\/{rel}","templated":true}]}}