{"id":128,"date":"2017-08-08T09:51:43","date_gmt":"2017-08-08T12:51:43","guid":{"rendered":"http:\/\/spmar.crpweb.com.br\/?page_id=128"},"modified":"2024-07-26T17:11:32","modified_gmt":"2024-07-26T20:11:32","slug":"combate-a-incendios","status":"publish","type":"page","link":"https:\/\/spmar.com.br\/staging\/servicos\/combate-a-incendios\/","title":{"rendered":"Combate a inc\u00eandios"},"content":{"rendered":"<h2>Combate a Inc\u00eandios<\/h2>\n<p>&nbsp;<\/p>\n<p>O caminh\u00e3o de combate a inc\u00eandio \u00e9 respons\u00e1vel por combater os focos de inc\u00eandios que podem surgir \u00e0s margens da rodovia e tamb\u00e9m \u00e9 utilizado para realizar a limpeza.<\/p>\n<p>Nos Trechos Sul e Leste do Rodoanel Mario Covas existe 1 ve\u00edculo exclusivo para estas finalidades.<\/p>\n<p>&nbsp;<\/p>\n<p><img fetchpriority=\"high\" decoding=\"async\" class=\"img-responsive wp-image-157 size-full aligncenter\" src=\"http:\/\/spmar.crpweb.com.br\/wp-content\/uploads\/2017\/08\/combateincendio.png\" alt=\"\" width=\"1181\" height=\"358\" srcset=\"https:\/\/spmar.com.br\/staging\/wp-content\/uploads\/2017\/08\/combateincendio.png 1181w, https:\/\/spmar.com.br\/staging\/wp-content\/uploads\/2017\/08\/combateincendio-300x91.png 300w, https:\/\/spmar.com.br\/staging\/wp-content\/uploads\/2017\/08\/combateincendio-768x233.png 768w, https:\/\/spmar.com.br\/staging\/wp-content\/uploads\/2017\/08\/combateincendio-1024x310.png 1024w\" sizes=\"(max-width: 1181px) 100vw, 1181px\" \/><\/p>\n<p>&nbsp;<\/p>\n<h3>Opera\u00e7\u00e3o Corta Fogo<\/h3>\n<p>&nbsp;<\/p>\n<p>A concession\u00e1ria SPMAR tamb\u00e9m apoia a Opera\u00e7\u00e3o Corta Fogo que \u00e9\u00a0 coordenada pela Secretaria Estadual de Meio Ambiente em parceria com a ARTESP (Ag\u00eancia de Transportes do Estado de S\u00e3o Paulo) e foi criada para conscientizar os motoristas e os moradores que residem \u00e0s margens das rodovias.<\/p>\n<p>&nbsp;<\/p>\n<p>Esta opera\u00e7\u00e3o visa garantir a seguran\u00e7a do usu\u00e1rio, a integridade dos campos e florestas e a diminui\u00e7\u00e3o dos focos de inc\u00eandios no trecho sul e lestes do Rodoanel M\u00e1rio Covas.<\/p>\n<p>&nbsp;<\/p>\n<p>Uma das principais causas de queimadas no Rodoanel \u00e9 o lan\u00e7amento de bitucas de cigarros e palitos de f\u00f3sforo, por parte de usu\u00e1rios dos ve\u00edculos que passam pelas vias e por pessoas que moram na sua proximidade. Outros fatores que contribuem para os inc\u00eandios em vegeta\u00e7\u00e3o s\u00e3o o descarte de lixo de forma irregular e a queda de bal\u00f5es.<\/p>\n<p>&nbsp;<\/p>\n<p>Ao se deparar com algum princ\u00edpio de inc\u00eandio na beira do Rodoanel, os motoristas ou moradores do entorno devem entrar em contato com a Concession\u00e1ria, 0800-774-8877.<\/p>\n<p>&nbsp;<\/p>\n<p><img decoding=\"async\" class=\"aligncenter size-medium wp-image-1866\" src=\"https:\/\/spmar.com.br\/staging\/wp-content\/uploads\/2019\/12\/CARTAZ-CORTA-FOGO-2019-01-FN-SPMAR-217x300.jpg\" alt=\"\" width=\"217\" height=\"300\" srcset=\"https:\/\/spmar.com.br\/staging\/wp-content\/uploads\/2019\/12\/CARTAZ-CORTA-FOGO-2019-01-FN-SPMAR-217x300.jpg 217w, https:\/\/spmar.com.br\/staging\/wp-content\/uploads\/2019\/12\/CARTAZ-CORTA-FOGO-2019-01-FN-SPMAR-768x1062.jpg 768w, https:\/\/spmar.com.br\/staging\/wp-content\/uploads\/2019\/12\/CARTAZ-CORTA-FOGO-2019-01-FN-SPMAR-741x1024.jpg 741w, https:\/\/spmar.com.br\/staging\/wp-content\/uploads\/2019\/12\/CARTAZ-CORTA-FOGO-2019-01-FN-SPMAR-153x211.jpg 153w, https:\/\/spmar.com.br\/staging\/wp-content\/uploads\/2019\/12\/CARTAZ-CORTA-FOGO-2019-01-FN-SPMAR.jpg 839w\" sizes=\"(max-width: 217px) 100vw, 217px\" \/><\/p>\n","protected":false},"excerpt":{"rendered":"<p>Combate a Inc\u00eandios &nbsp; O caminh\u00e3o de combate a inc\u00eandio \u00e9 respons\u00e1vel por combater os focos de inc\u00eandios que podem surgir \u00e0s margens da rodovia e tamb\u00e9m \u00e9 utilizado para realizar a limpeza. Nos Trechos Sul e Leste do Rodoanel Mario Covas existe 1 ve\u00edculo exclusivo para estas finalidades. &nbsp; &nbsp; Opera\u00e7\u00e3o Corta Fogo &nbsp; [&hellip;]<\/p>\n","protected":false},"author":1,"featured_media":3960,"parent":18,"menu_order":5,"comment_status":"closed","ping_status":"closed","template":"page-servico.php","meta":{"_acf_changed":false,"inline_featured_image":false,"footnotes":""},"class_list":["post-128","page","type-page","status-publish","has-post-thumbnail","hentry"],"acf":[],"jetpack_sharing_enabled":true,"_links":{"self":[{"href":"https:\/\/spmar.com.br\/staging\/wp-json\/wp\/v2\/pages\/128","targetHints":{"allow":["GET"]}}],"collection":[{"href":"https:\/\/spmar.com.br\/staging\/wp-json\/wp\/v2\/pages"}],"about":[{"href":"https:\/\/spmar.com.br\/staging\/wp-json\/wp\/v2\/types\/page"}],"author":[{"embeddable":true,"href":"https:\/\/spmar.com.br\/staging\/wp-json\/wp\/v2\/users\/1"}],"replies":[{"embeddable":true,"href":"https:\/\/spmar.com.br\/staging\/wp-json\/wp\/v2\/comments?post=128"}],"version-history":[{"count":22,"href":"https:\/\/spmar.com.br\/staging\/wp-json\/wp\/v2\/pages\/128\/revisions"}],"predecessor-version":[{"id":1869,"href":"https:\/\/spmar.com.br\/staging\/wp-json\/wp\/v2\/pages\/128\/revisions\/1869"}],"up":[{"embeddable":true,"href":"https:\/\/spmar.com.br\/staging\/wp-json\/wp\/v2\/pages\/18"}],"wp:featuredmedia":[{"embeddable":true,"href":"https:\/\/spmar.com.br\/staging\/wp-json\/wp\/v2\/media\/3960"}],"wp:attachment":[{"href":"https:\/\/spmar.com.br\/staging\/wp-json\/wp\/v2\/media?parent=128"}],"curies":[{"name":"wp","href":"https:\/\/api.w.org\/{rel}","templated":true}]}}