{"id":1228,"date":"2018-07-27T11:11:05","date_gmt":"2018-07-27T14:11:05","guid":{"rendered":"https:\/\/spmar.com.br\/staging\/?page_id=1228"},"modified":"2021-06-08T10:11:53","modified_gmt":"2021-06-08T13:11:53","slug":"pedagio","status":"publish","type":"page","link":"https:\/\/spmar.com.br\/staging\/pedagio\/","title":{"rendered":"PED\u00c1GIO"},"content":{"rendered":"<h3><a href=\"https:\/\/spmar.com.br\/staging\/pedagio\/rd-quitacao-divida\/\">QUITA\u00c7\u00c3O DE D\u00cdVIDA<\/a><\/h3>\n<h3><\/h3>\n<h3><a href=\"\/web\/pedagio\/cupom-fiscal\/\">DOCUMENTO FISCAL EQUIVALENTE<\/a><\/h3>\n<h3><a href=\"\/web\/pedagio\/mapa-do-rodoanel\/\">MAPA DO RODOANEL<\/a><\/h3>\n<h3><a href=\"\/web\/pedagio\/tarifas-de-pedagio\/\">TARIFAS<\/a><\/h3>\n","protected":false},"excerpt":{"rendered":"<p>QUITA\u00c7\u00c3O DE D\u00cdVIDA DOCUMENTO FISCAL EQUIVALENTE MAPA DO RODOANEL TARIFAS<\/p>\n","protected":false},"author":1,"featured_media":0,"parent":0,"menu_order":3,"comment_status":"closed","ping_status":"closed","template":"page-pedagio.php","meta":{"_acf_changed":false,"inline_featured_image":false,"footnotes":""},"class_list":["post-1228","page","type-page","status-publish","hentry"],"acf":[],"jetpack_sharing_enabled":true,"_links":{"self":[{"href":"https:\/\/spmar.com.br\/staging\/wp-json\/wp\/v2\/pages\/1228","targetHints":{"allow":["GET"]}}],"collection":[{"href":"https:\/\/spmar.com.br\/staging\/wp-json\/wp\/v2\/pages"}],"about":[{"href":"https:\/\/spmar.com.br\/staging\/wp-json\/wp\/v2\/types\/page"}],"author":[{"embeddable":true,"href":"https:\/\/spmar.com.br\/staging\/wp-json\/wp\/v2\/users\/1"}],"replies":[{"embeddable":true,"href":"https:\/\/spmar.com.br\/staging\/wp-json\/wp\/v2\/comments?post=1228"}],"version-history":[{"count":4,"href":"https:\/\/spmar.com.br\/staging\/wp-json\/wp\/v2\/pages\/1228\/revisions"}],"predecessor-version":[{"id":2564,"href":"https:\/\/spmar.com.br\/staging\/wp-json\/wp\/v2\/pages\/1228\/revisions\/2564"}],"wp:attachment":[{"href":"https:\/\/spmar.com.br\/staging\/wp-json\/wp\/v2\/media?parent=1228"}],"curies":[{"name":"wp","href":"https:\/\/api.w.org\/{rel}","templated":true}]}}