{"id":113,"date":"2017-08-08T09:29:57","date_gmt":"2017-08-08T12:29:57","guid":{"rendered":"http:\/\/spmar.crpweb.com.br\/?page_id=113"},"modified":"2024-08-20T10:12:20","modified_gmt":"2024-08-20T13:12:20","slug":"centro-de-controle-operacional","status":"publish","type":"page","link":"https:\/\/spmar.com.br\/staging\/servicos\/centro-de-controle-operacional\/","title":{"rendered":"Centro de controle operacional"},"content":{"rendered":"<p>Tudo o que acontece nos Trechos Sul e Leste do Rodoanel \u00e9 monitorado e registrado pelo Centro de Controle Operacional (CCO) da SPMAR. \u00c9 a equipe do Centro de Controle que aciona as viaturas de opera\u00e7\u00e3o que realizam os atendimentos aos usu\u00e1rios na rodovia, acompanhando todas as ocorr\u00eancias e monitorando o fluxo de ve\u00edculos. O trabalho dessa equipe \u00e9 focado na efici\u00eancia e agilidade das tomadas de decis\u00e3o para que vidas sejam preservadas e o fluxo de ve\u00edculos seja mantido na melhor condi\u00e7\u00e3o de tr\u00e1fego.<\/p>\n<p>Os dados e informa\u00e7\u00f5es s\u00e3o coletados nas rodovias pela equipe de opera\u00e7\u00e3o e pelas c\u00e2meras espalhadas pelo Rodoanel, 24 horas por dia, 7 dias por semana.<\/p>\n<p>A equipe de opera\u00e7\u00e3o dos Trechos Sul e Leste do Rodoanel \u00e9 composta por 11 ve\u00edculos de inspe\u00e7\u00e3o de tr\u00e1fego, 4 atendimento pr\u00e9-hospitalar e 1 ambul\u00e2ncia UTI, m\u00e9dicos socorristas e enfermeiros a postos para as a\u00e7\u00f5es de emerg\u00eancia. Al\u00e9m disso, s\u00e3o 7 guinchos, sendo 5 para ve\u00edculos leves e 2 para pesados sempre \u00e0 disposi\u00e7\u00e3o para executar resgates e prestar atendimento aos usu\u00e1rios e ve\u00edculos.<\/p>\n<p>Sempre que necess\u00e1rio, o CCO ainda presta apoio \u00e0 Pol\u00edcia Militar Rodovi\u00e1ria (PMR) que est\u00e1 equipada com 43 viaturas cedidas pela Concession\u00e1ria.<\/p>\n<p><img fetchpriority=\"high\" decoding=\"async\" class=\"alignnone size-full wp-image-683\" src=\"http:\/\/spmar.crpweb.com.br\/wp-content\/uploads\/2017\/08\/Foto-CCO.jpg\" alt=\"\" width=\"640\" height=\"480\" srcset=\"https:\/\/spmar.com.br\/staging\/wp-content\/uploads\/2017\/08\/Foto-CCO.jpg 640w, https:\/\/spmar.com.br\/staging\/wp-content\/uploads\/2017\/08\/Foto-CCO-300x225.jpg 300w, https:\/\/spmar.com.br\/staging\/wp-content\/uploads\/2017\/08\/Foto-CCO-211x158.jpg 211w\" sizes=\"(max-width: 640px) 100vw, 640px\" \/><\/p>\n","protected":false},"excerpt":{"rendered":"<p>Tudo o que acontece nos Trechos Sul e Leste do Rodoanel \u00e9 monitorado e registrado pelo Centro de Controle Operacional (CCO) da SPMAR. \u00c9 a equipe do Centro de Controle que aciona as viaturas de opera\u00e7\u00e3o que realizam os atendimentos aos usu\u00e1rios na rodovia, acompanhando todas as ocorr\u00eancias e monitorando o fluxo de ve\u00edculos. O [&hellip;]<\/p>\n","protected":false},"author":1,"featured_media":3962,"parent":18,"menu_order":3,"comment_status":"closed","ping_status":"closed","template":"","meta":{"_acf_changed":false,"inline_featured_image":false,"footnotes":""},"class_list":["post-113","page","type-page","status-publish","has-post-thumbnail","hentry"],"acf":[],"jetpack_sharing_enabled":true,"_links":{"self":[{"href":"https:\/\/spmar.com.br\/staging\/wp-json\/wp\/v2\/pages\/113","targetHints":{"allow":["GET"]}}],"collection":[{"href":"https:\/\/spmar.com.br\/staging\/wp-json\/wp\/v2\/pages"}],"about":[{"href":"https:\/\/spmar.com.br\/staging\/wp-json\/wp\/v2\/types\/page"}],"author":[{"embeddable":true,"href":"https:\/\/spmar.com.br\/staging\/wp-json\/wp\/v2\/users\/1"}],"replies":[{"embeddable":true,"href":"https:\/\/spmar.com.br\/staging\/wp-json\/wp\/v2\/comments?post=113"}],"version-history":[{"count":12,"href":"https:\/\/spmar.com.br\/staging\/wp-json\/wp\/v2\/pages\/113\/revisions"}],"predecessor-version":[{"id":4460,"href":"https:\/\/spmar.com.br\/staging\/wp-json\/wp\/v2\/pages\/113\/revisions\/4460"}],"up":[{"embeddable":true,"href":"https:\/\/spmar.com.br\/staging\/wp-json\/wp\/v2\/pages\/18"}],"wp:featuredmedia":[{"embeddable":true,"href":"https:\/\/spmar.com.br\/staging\/wp-json\/wp\/v2\/media\/3962"}],"wp:attachment":[{"href":"https:\/\/spmar.com.br\/staging\/wp-json\/wp\/v2\/media?parent=113"}],"curies":[{"name":"wp","href":"https:\/\/api.w.org\/{rel}","templated":true}]}}